{"id":9,"date":"2008-01-20T21:24:59","date_gmt":"2008-01-20T21:24:59","guid":{"rendered":"http:\/\/root.m05.de\/pro-a-kids\/?page_id=9"},"modified":"2017-05-26T19:23:59","modified_gmt":"2017-05-26T18:23:59","slug":"eine-version","status":"publish","type":"page","link":"http:\/\/www.pro-a-kids.org\/?page_id=9","title":{"rendered":"Unser Anliegen"},"content":{"rendered":"<p>Warum noch ein Hilfsverein?<\/p>\n<p><a href=\"http:\/\/www.pro-a-kids.org\/wp-content\/uploads\/2008\/01\/Gruppenfoto_Ausschnitt.jpg\"><img loading=\"lazy\" decoding=\"async\" class=\"alignleft size-medium wp-image-970\" style=\"margin-right: 8px;\" title=\"Gruppenfoto_Ausschnitt\" src=\"http:\/\/www.pro-a-kids.org\/wp-content\/uploads\/2008\/01\/Gruppenfoto_Ausschnitt-300x188.jpg\" alt=\"\" width=\"300\" height=\"188\" srcset=\"http:\/\/www.pro-a-kids.org\/wp-content\/uploads\/2008\/01\/Gruppenfoto_Ausschnitt-300x188.jpg 300w, http:\/\/www.pro-a-kids.org\/wp-content\/uploads\/2008\/01\/Gruppenfoto_Ausschnitt-140x88.jpg 140w, http:\/\/www.pro-a-kids.org\/wp-content\/uploads\/2008\/01\/Gruppenfoto_Ausschnitt.jpg 1024w\" sizes=\"auto, (max-width: 300px) 100vw, 300px\" \/><\/a>Es gibt unz\u00e4hlige Hilfsvereine, vielleicht fragen Sie sich, warum wir uns nicht einer gro\u00dfen Organisation anschlie\u00dfen und das gesammelte Geld dorthin geben. Bei unserer gedanklichen Vorarbeit kamen wir immer mehr zu der Einsicht, dass ein kleines, \u00fcberschaubares Hilfsprojekt vielleicht sogar gr\u00f6\u00dfere Fr\u00fcchte tragen kann. Ein pers\u00f6nlicher Bezug zum Empf\u00e4nger, und der Kontakt zu unserem sehr engagierten Projektbegleiter vor Ort, mit dem ein reger Austausch gepflegt wird, sind uns wichtig.\u00a0Nat\u00fcrlich werden wir an dieser Stelle auch immer wieder \u00fcber aktuelle Entwicklungen in Bild und Wort berichten, detailierte Berichte finden Sie unter der Punkt &#8222;Projektbesuche in Kenia&#8220;. Es ist uns ein besonderes Anliegen, mit- und voneinander zu lernen, die afrikanische Kultur immer besser kennenzulernen, aber auch unseren eigenen kulturellen Hintergrund immer wieder zu hinterfragen und auch sch\u00e4tzen zu lernen und Freunde und F\u00f6rderer unserer Arbeit an diesem Prozess teilhaben zu lassen.<\/p>\n<p><span style=\"color: #ffffff;\">.<\/span><\/p>\n<h3>Vereinsgr\u00fcndung<\/h3>\n<p>Pro-A-kids e.V. ist ein junger Verein, der von Jugendlichen und ihren Eltern und Freunden gegr\u00fcndet wurde. Die Mitglieder arbeiten absolut ehrenamtlich und setzen sich aus den Vertretern unterschiedlichster Berufs- und Altersgruppen zusammen. Zu den 12 Gr\u00fcndungsmitgliedern geh\u00f6rten vier Sch\u00fcler\/Studenten, mittlerweile sind es insgesamt 35 Mitglieder sowie f\u00fcr die langfristige Arbeit so wichtige zuverl\u00e4ssige Dauerspender.<\/p>\n<p><span style=\"color: #ffffff;\">.<\/span><\/p>\n<h3>Entwicklung seit Projektbeginn im M\u00e4rz 2008<\/h3>\n<ul>\n<li>Regenwassernutzung durch Anschaffung eines Wassertankes &#8211; M\u00e4rz 2008<\/li>\n<li>halbj\u00e4hrliche medizinische Untersuchung mit Gesundheitsberatung der Eltern &#8211; seit Mai 2008<\/li>\n<li>kostenloses Mittagessen f\u00fcr alle Kinder &#8211; seit Juni 2008<\/li>\n<li>Nachmittagsbetreuung durch Gehaltszusch\u00fcsse f\u00fcr Lehrerin und K\u00f6chin &#8211; seit Juni 2008<\/li>\n<li>dadurch schrittweise Anstieg der Kindergartenkinder von 23 auf 80<\/li>\n<li>ausreichende Wasserversorgung durch Anschluss an das Ngusishi-Wasserprojekt und Anlegen eines K\u00fcchengartens- seit Juli 2009<\/li>\n<li>Eltern-Arbeitsgruppe zur Herstellung von Kunsthandwerk &#8211; August 2009<\/li>\n<li>2011- Bau einer landestypischen Rundh\u00fctte an der \u00d6ffentlichen Grund- u. Hauptschule und Anstellung einer F\u00f6rderlehrerin<\/li>\n<li>2012 &#8211; Errichtung eines Holzbaues und Einrichtung einer zweiten Kindergartengruppe<\/li>\n<li>2013 &#8211; Errichtung einer Holzh\u00fctte und Beginn der Offenen M\u00e4dchenarbeit<\/li>\n<li>2015 &#8211; Fertigstellung von zwei neuen Unterrichtsr\u00e4umen in Massivbauweise<\/li>\n<li>2016 &#8211; Fertigstellung eines K\u00fcchengeb\u00e4udes mit Speisesaal und eines Sanit\u00e4rbaues<\/li>\n<\/ul>\n<p><span style=\"color: #ffffff;\"> .<\/span><\/p>\n<h3>Weiterf\u00fchrende Informationen<\/h3>\n<p>pro-A-kids Satzung: <a href=\"http:\/\/www.pro-a-kids.org\/wp-content\/uploads\/2015\/04\/Satzung-2016-04-09.pdf\" target=\"_blank\">pro-a-kids_satzung.pdf<\/a><\/p>\n<p>pro-A-kids Flyer: <a href=\"http:\/\/www.pro-a-kids.org\/wp-content\/uploads\/2008\/01\/Flyer-pro-A-kids.pdf\" target=\"_blank\">pro-a-kids_flyer.pdf<\/a><\/p>\n<p>&nbsp;<\/p>\n","protected":false},"excerpt":{"rendered":"<p>Warum noch ein Hilfsverein? Es gibt unz\u00e4hlige Hilfsvereine, vielleicht fragen Sie sich, warum wir uns nicht einer gro\u00dfen Organisation anschlie\u00dfen und das gesammelte Geld dorthin geben. Bei unserer gedanklichen Vorarbeit kamen wir immer mehr zu der Einsicht, dass ein kleines, \u00fcberschaubares Hilfsprojekt vielleicht sogar gr\u00f6\u00dfere Fr\u00fcchte tragen kann. Ein pers\u00f6nlicher Bezug zum Empf\u00e4nger, und der [&hellip;]<\/p>\n","protected":false},"author":1,"featured_media":0,"parent":0,"menu_order":5,"comment_status":"open","ping_status":"open","template":"","meta":{"ngg_post_thumbnail":0,"footnotes":""},"class_list":["post-9","page","type-page","status-publish","hentry"],"_links":{"self":[{"href":"http:\/\/www.pro-a-kids.org\/index.php?rest_route=\/wp\/v2\/pages\/9","targetHints":{"allow":["GET"]}}],"collection":[{"href":"http:\/\/www.pro-a-kids.org\/index.php?rest_route=\/wp\/v2\/pages"}],"about":[{"href":"http:\/\/www.pro-a-kids.org\/index.php?rest_route=\/wp\/v2\/types\/page"}],"author":[{"embeddable":true,"href":"http:\/\/www.pro-a-kids.org\/index.php?rest_route=\/wp\/v2\/users\/1"}],"replies":[{"embeddable":true,"href":"http:\/\/www.pro-a-kids.org\/index.php?rest_route=%2Fwp%2Fv2%2Fcomments&post=9"}],"version-history":[{"count":16,"href":"http:\/\/www.pro-a-kids.org\/index.php?rest_route=\/wp\/v2\/pages\/9\/revisions"}],"predecessor-version":[{"id":2018,"href":"http:\/\/www.pro-a-kids.org\/index.php?rest_route=\/wp\/v2\/pages\/9\/revisions\/2018"}],"wp:attachment":[{"href":"http:\/\/www.pro-a-kids.org\/index.php?rest_route=%2Fwp%2Fv2%2Fmedia&parent=9"}],"curies":[{"name":"wp","href":"https:\/\/api.w.org\/{rel}","templated":true}]}}