{"id":827,"date":"2010-01-13T17:38:02","date_gmt":"2010-01-13T16:38:02","guid":{"rendered":"http:\/\/www.pro-a-kids.org\/?page_id=827"},"modified":"2026-03-31T07:52:16","modified_gmt":"2026-03-31T06:52:16","slug":"einschulungshilfen","status":"publish","type":"page","link":"http:\/\/www.pro-a-kids.org\/?page_id=827","title":{"rendered":"Einschulungshilfen"},"content":{"rendered":"<p><strong>2025 &#8211;&nbsp; &nbsp; &nbsp;Schulgeb\u00fchren u. Schuluniformen&nbsp; &nbsp; &nbsp; &nbsp; &nbsp; &nbsp; &nbsp; &nbsp; 529,77 \u20ac<\/strong><\/p>\n<p><strong>2024 &#8211;&nbsp; &nbsp; &nbsp;Schuluniformen&nbsp; &nbsp; &nbsp; &nbsp; &nbsp; &nbsp; &nbsp; &nbsp; &nbsp; &nbsp; &nbsp; &nbsp; &nbsp; &nbsp; &nbsp; &nbsp; &nbsp; &nbsp; &nbsp; &nbsp; &nbsp; &nbsp; &nbsp; &nbsp; &nbsp; &nbsp; &nbsp;421,34 \u20ac<\/strong><\/p>\n<p><strong>2023 &#8211;&nbsp;&nbsp;&nbsp;&nbsp; Schuluniformen&nbsp;&nbsp;&nbsp;&nbsp;&nbsp;&nbsp;&nbsp;&nbsp;&nbsp;&nbsp;&nbsp;&nbsp;&nbsp;&nbsp;&nbsp;&nbsp;&nbsp;&nbsp;&nbsp;&nbsp;&nbsp;&nbsp;&nbsp;&nbsp;&nbsp;&nbsp;&nbsp;&nbsp;&nbsp;&nbsp;&nbsp;&nbsp;&nbsp;&nbsp;&nbsp;&nbsp;&nbsp;&nbsp;&nbsp;&nbsp;&nbsp;&nbsp;&nbsp;&nbsp;&nbsp;&nbsp;&nbsp;&nbsp;&nbsp;&nbsp;&nbsp;&nbsp;&nbsp; 427,93 \u20ac<\/strong><\/p>\n<p><strong>2022 &#8211;&nbsp;&nbsp;&nbsp;&nbsp; Schuluniformen&nbsp;&nbsp;&nbsp;&nbsp;&nbsp;&nbsp;&nbsp;&nbsp;&nbsp;&nbsp;&nbsp;&nbsp;&nbsp;&nbsp;&nbsp;&nbsp;&nbsp;&nbsp;&nbsp;&nbsp;&nbsp;&nbsp;&nbsp;&nbsp;&nbsp;&nbsp;&nbsp;&nbsp;&nbsp;&nbsp;&nbsp;&nbsp;&nbsp;&nbsp;&nbsp;&nbsp;&nbsp;&nbsp;&nbsp;&nbsp;&nbsp;&nbsp;&nbsp;&nbsp;&nbsp;&nbsp;&nbsp;&nbsp;&nbsp;&nbsp; 1.087,50 \u20ac<\/strong><\/p>\n<p><strong>2021 &#8211;&nbsp;&nbsp;&nbsp;&nbsp;&nbsp;&nbsp; Schuluniformen&nbsp;&nbsp;&nbsp;&nbsp;&nbsp;&nbsp;&nbsp;&nbsp;&nbsp;&nbsp;&nbsp;&nbsp;&nbsp;&nbsp;&nbsp;&nbsp;&nbsp;&nbsp;&nbsp;&nbsp;&nbsp;&nbsp;&nbsp;&nbsp;&nbsp;&nbsp;&nbsp;&nbsp;&nbsp;&nbsp;&nbsp;&nbsp;&nbsp;&nbsp;&nbsp;&nbsp;&nbsp;&nbsp;&nbsp;&nbsp;&nbsp;&nbsp;&nbsp;&nbsp;&nbsp;&nbsp;&nbsp;&nbsp;&nbsp;&nbsp;&nbsp;&nbsp; 444,76 \u20ac<\/strong><\/p>\n<p><strong>2020 &#8211;&nbsp;&nbsp;&nbsp;&nbsp;&nbsp; Schulen 1 Jahr geschlossen wegen Corona<\/strong><\/p>\n<p><strong>2019 &#8211;&nbsp;&nbsp;&nbsp;&nbsp; Schuluniformen&nbsp;&nbsp;&nbsp;&nbsp;&nbsp;&nbsp;&nbsp;&nbsp;&nbsp;&nbsp;&nbsp;&nbsp;&nbsp;&nbsp;&nbsp;&nbsp;&nbsp;&nbsp;&nbsp;&nbsp;&nbsp;&nbsp;&nbsp;&nbsp;&nbsp;&nbsp;&nbsp;&nbsp;&nbsp;&nbsp;&nbsp;&nbsp;&nbsp;&nbsp;&nbsp;&nbsp;&nbsp;&nbsp;&nbsp;&nbsp;&nbsp;&nbsp;&nbsp;&nbsp;&nbsp;&nbsp;&nbsp;&nbsp;&nbsp;&nbsp;&nbsp; 983,26 \u20ac<\/strong><\/p>\n<p><strong>2018 &#8211;&nbsp; &nbsp; Schuluniformen&nbsp; &nbsp; &nbsp; &nbsp; &nbsp; &nbsp; &nbsp; &nbsp; &nbsp; &nbsp; &nbsp; &nbsp; &nbsp; &nbsp; &nbsp; &nbsp; &nbsp; &nbsp; &nbsp; &nbsp; &nbsp; &nbsp; &nbsp; &nbsp; &nbsp; &nbsp; &nbsp;236,70 \u20ac<\/strong><\/p>\n<p><strong>2017 &#8211;&nbsp;&nbsp;&nbsp; Schuluniformen&nbsp; &nbsp; &nbsp; &nbsp; &nbsp; &nbsp; &nbsp; &nbsp; &nbsp; &nbsp; &nbsp; &nbsp; &nbsp; &nbsp; &nbsp; &nbsp; &nbsp; &nbsp; &nbsp; &nbsp; &nbsp; &nbsp; &nbsp; &nbsp; &nbsp; &nbsp; 464,68 \u20ac<\/strong><\/p>\n<p><strong>2015&nbsp; &#8211; &nbsp; Schulgeb\u00fchren u. Schuluniformen &nbsp; &nbsp; &nbsp; &nbsp; &nbsp;&nbsp; &nbsp; &nbsp;&nbsp; 356,45 \u20ac<\/strong><\/p>\n<p><strong>2014&nbsp; &#8211; &nbsp; Schulgeb\u00fchren u. Schuluniformen &nbsp; &nbsp; &nbsp; &nbsp; &nbsp;&nbsp; &nbsp; &nbsp;&nbsp; 104,86 \u20ac<\/strong><\/p>\n<p><strong>2013&nbsp; &#8211; &nbsp; Schulgeb\u00fchren u. Schuluniformen &nbsp; &nbsp; &nbsp; &nbsp; &nbsp;&nbsp; &nbsp; &nbsp;&nbsp; 166,29 \u20ac<\/strong><\/p>\n<p><strong>2011&nbsp; &#8211; &nbsp;&nbsp; Schulgeb\u00fchren u. Schuluniformen &nbsp; &nbsp; &nbsp; &nbsp;&nbsp; &nbsp; &nbsp; &nbsp;&nbsp; 101,16 \u20ac<\/strong><\/p>\n<p><strong>2009&nbsp; &#8211; &nbsp; Schulgeb\u00fchren u. Schuluniformen &nbsp; &nbsp; &nbsp; &nbsp; &nbsp; &nbsp; &nbsp; &nbsp; 148,53 \u20ac<\/strong><\/p>\n<p><strong>2008&nbsp; &#8211;&nbsp;&nbsp;&nbsp; Schulgeb\u00fchren u. Schuluniformen&nbsp;&nbsp;&nbsp;&nbsp;&nbsp;&nbsp;&nbsp;&nbsp;&nbsp;&nbsp;&nbsp;&nbsp;&nbsp;&nbsp;&nbsp;&nbsp;&nbsp; 66,05 \u20ac<\/strong><\/p>\n<div id=\"attachment_828\" style=\"width: 235px\" class=\"wp-caption alignleft\"><a href=\"http:\/\/www.pro-a-kids.org\/wp-content\/uploads\/2010\/01\/Schuluniform_anmessen.jpg\"><img loading=\"lazy\" decoding=\"async\" aria-describedby=\"caption-attachment-828\" class=\"wp-image-828 size-medium\" src=\"http:\/\/www.pro-a-kids.org\/wp-content\/uploads\/2010\/01\/Schuluniform_anmessen-225x300.jpg\" alt=\"\" width=\"225\" height=\"300\" srcset=\"http:\/\/www.pro-a-kids.org\/wp-content\/uploads\/2010\/01\/Schuluniform_anmessen-225x300.jpg 225w, http:\/\/www.pro-a-kids.org\/wp-content\/uploads\/2010\/01\/Schuluniform_anmessen-105x140.jpg 105w, http:\/\/www.pro-a-kids.org\/wp-content\/uploads\/2010\/01\/Schuluniform_anmessen-768x1024.jpg 768w, http:\/\/www.pro-a-kids.org\/wp-content\/uploads\/2010\/01\/Schuluniform_anmessen.jpg 1024w\" sizes=\"auto, (max-width: 225px) 100vw, 225px\" \/><\/a><p id=\"caption-attachment-828\" class=\"wp-caption-text\"><span style=\"color: #008080;\">Ma\u00df nehmen beim Schneider<\/span><\/p><\/div>\n<p>Wie bereits&nbsp;in der Beschreibung des Kenianischen Bildungssystems ausf\u00fchrlicher dargestellt besteht seit 2003 die allgemeine Schulpflicht f\u00fcr die achtj\u00e4hrige Primary School, die unserer ehemaligen Volksschule entspricht. Weitergehender Schulbesuch dagegen ist kostenpflichtig, es sei denn, man erreicht durch besonders gute Leistungen eines der begehrten Stipendien.<\/p>\n<p>Vorraussetzung f\u00fcr den&nbsp;kostenfreien Schulbesuch ist allerdings der Nachweis, vorher eine Vorschuleinrichtung besucht zu haben. Nur in Ausnahmef\u00e4llen, wenn die Kinder ansonsten \u00fcber das regul\u00e4re Einschulungsalter hinaus keine Schule besuchen k\u00f6nnen, kann der jeweilige Schulleiter davon absehen.<\/p>\n<div id=\"attachment_829\" style=\"width: 310px\" class=\"wp-caption alignright\"><a href=\"http:\/\/www.pro-a-kids.org\/wp-content\/uploads\/2010\/01\/Schulkinder_Januar_2010_1.jpg\"><img loading=\"lazy\" decoding=\"async\" aria-describedby=\"caption-attachment-829\" class=\"wp-image-829 size-medium\" src=\"http:\/\/www.pro-a-kids.org\/wp-content\/uploads\/2010\/01\/Schulkinder_Januar_2010_1-300x225.jpg\" alt=\"\" width=\"300\" height=\"225\" srcset=\"http:\/\/www.pro-a-kids.org\/wp-content\/uploads\/2010\/01\/Schulkinder_Januar_2010_1-300x225.jpg 300w, http:\/\/www.pro-a-kids.org\/wp-content\/uploads\/2010\/01\/Schulkinder_Januar_2010_1-140x105.jpg 140w, http:\/\/www.pro-a-kids.org\/wp-content\/uploads\/2010\/01\/Schulkinder_Januar_2010_1.jpg 1024w\" sizes=\"auto, (max-width: 300px) 100vw, 300px\" \/><\/a><p id=\"caption-attachment-829\" class=\"wp-caption-text\"><span style=\"color: #008080;\">erste Schuluniformen 2010<\/span><\/p><\/div>\n<p>Die Vorschulen, zu der auch das E.C.D.C in Kongoni geh\u00f6rt, &nbsp;werden von den Gemeinden betrieben und durch Schulgeb\u00fchren der Eltern finanziert. Diese Kosten hierf\u00fcr betragen 10 EUR im Term, also insg. 30 EUR im Jahr. Dar\u00fcber hinaus muss nicht nur der Besuch einer solchen Einrichtung mit einer Bescheinigung nachgewiesen werden, sondern auch die vollst\u00e4ndige Begleichung aller entstandenen Schulgeb\u00fchren. Somit liegt auf der Hand, dass gerade Kinder aus wirtschaftlich schwachen Bev\u00f6lkerungsschichten deutlich weniger Chancen haben, eine ausreichende Schulbildung zu erwerben.<\/p>\n<p>Als ehemalige britische Kolonie hat Kenia ebenfalls die britische Gepflogenheit der Schuluniformen \u00fcbernommen. Dies hat einerseits den Vorteil, dass Kinder nicht schon durch die Kleidung in ihrer sozialen Herkunft differenziert werden. Andererseits stellen 2 Garnituren Schuluniformen zu je 8 EUR einen zus\u00e4tzlichen Kostenfaktor&nbsp; dar, der gerade f\u00fcr kinderreiche Familien nicht immer leicht zu bew\u00e4ltigen ist. Wer ohne entsprechender Kleidung in der Schule erscheint, wird vom Schulleiter wieder nach Hause geschickt.<\/p>\n<div id=\"attachment_2398\" style=\"width: 610px\" class=\"wp-caption alignleft\"><a href=\"http:\/\/www.pro-a-kids.org\/wp-content\/uploads\/2026\/03\/2025-12-11-at-16.03.59.jpeg\"><img loading=\"lazy\" decoding=\"async\" aria-describedby=\"caption-attachment-2398\" class=\"wp-image-2398\" src=\"http:\/\/www.pro-a-kids.org\/wp-content\/uploads\/2026\/03\/2025-12-11-at-16.03.59-1024x472.jpeg\" alt=\"\" width=\"600\" height=\"277\" srcset=\"http:\/\/www.pro-a-kids.org\/wp-content\/uploads\/2026\/03\/2025-12-11-at-16.03.59-1024x472.jpeg 1024w, http:\/\/www.pro-a-kids.org\/wp-content\/uploads\/2026\/03\/2025-12-11-at-16.03.59-300x138.jpeg 300w, http:\/\/www.pro-a-kids.org\/wp-content\/uploads\/2026\/03\/2025-12-11-at-16.03.59-140x65.jpeg 140w, http:\/\/www.pro-a-kids.org\/wp-content\/uploads\/2026\/03\/2025-12-11-at-16.03.59-768x354.jpeg 768w, http:\/\/www.pro-a-kids.org\/wp-content\/uploads\/2026\/03\/2025-12-11-at-16.03.59.jpeg 1280w\" sizes=\"auto, (max-width: 600px) 100vw, 600px\" \/><\/a><p id=\"caption-attachment-2398\" class=\"wp-caption-text\"><span style=\"color: #008080;\">Schulanf\u00e4nger 2025 mit Eltern und Schulteam<\/span><\/p><\/div>\n<p>Auf Empfehlung der Lehrerin und unseres Projektmanagers helfen wir deshalb in Einzelf\u00e4llen, die noch s\u00e4umigen Schulgeb\u00fchren zu begleichen, wo m\u00f6glich wird dies von den Eltern durch verschiedene Arbeitseins\u00e4tze ausgeglichen. Zum Schuljahresbeginn 2010 war es durch entsprechende Spenden auch&nbsp;zum ersten mal m\u00f6glich, alle 16 Schulanf\u00e4nger des E.C.D.C. in Kongoni mit einer kostenlosen Schuluniform als Abschiedsgeschenk in den neuen Lebensabschnitt zu entlasten, dadurch werden die immer knappen Familienbudgets deutlich entlastet und n\u00f6tige Sparma\u00dfnahmen m\u00fcssen nicht&nbsp;auf Kosten&nbsp;der jungen Generation gehen.<\/p>\n<p>&nbsp;<\/p>\n","protected":false},"excerpt":{"rendered":"<p>2025 &#8211;&nbsp; &nbsp; &nbsp;Schulgeb\u00fchren u. Schuluniformen&nbsp; &nbsp; &nbsp; &nbsp; &nbsp; &nbsp; &nbsp; &nbsp; 529,77 \u20ac 2024 &#8211;&nbsp; &nbsp; &nbsp;Schuluniformen&nbsp; &nbsp; &nbsp; &nbsp; &nbsp; &nbsp; &nbsp; &nbsp; &nbsp; &nbsp; &nbsp; &nbsp; &nbsp; &nbsp; &nbsp; &nbsp; &nbsp; &nbsp; &nbsp; &nbsp; &nbsp; &nbsp; &nbsp; &nbsp; &nbsp; &nbsp; &nbsp;421,34 \u20ac 2023 &#8211;&nbsp;&nbsp;&nbsp;&nbsp; Schuluniformen&nbsp;&nbsp;&nbsp;&nbsp;&nbsp;&nbsp;&nbsp;&nbsp;&nbsp;&nbsp;&nbsp;&nbsp;&nbsp;&nbsp;&nbsp;&nbsp;&nbsp;&nbsp;&nbsp;&nbsp;&nbsp;&nbsp;&nbsp;&nbsp;&nbsp;&nbsp;&nbsp;&nbsp;&nbsp;&nbsp;&nbsp;&nbsp;&nbsp;&nbsp;&nbsp;&nbsp;&nbsp;&nbsp;&nbsp;&nbsp;&nbsp;&nbsp;&nbsp;&nbsp;&nbsp;&nbsp;&nbsp;&nbsp;&nbsp;&nbsp;&nbsp;&nbsp;&nbsp; 427,93 \u20ac 2022 &#8211;&nbsp;&nbsp;&nbsp;&nbsp; Schuluniformen&nbsp;&nbsp;&nbsp;&nbsp;&nbsp;&nbsp;&nbsp;&nbsp;&nbsp;&nbsp;&nbsp;&nbsp;&nbsp;&nbsp;&nbsp;&nbsp;&nbsp;&nbsp;&nbsp;&nbsp;&nbsp;&nbsp;&nbsp;&nbsp;&nbsp;&nbsp;&nbsp;&nbsp;&nbsp;&nbsp;&nbsp;&nbsp;&nbsp;&nbsp;&nbsp;&nbsp;&nbsp;&nbsp;&nbsp;&nbsp;&nbsp;&nbsp;&nbsp;&nbsp;&nbsp;&nbsp;&nbsp;&nbsp;&nbsp;&nbsp; 1.087,50 [&hellip;]<\/p>\n","protected":false},"author":2,"featured_media":0,"parent":134,"menu_order":30,"comment_status":"open","ping_status":"open","template":"","meta":{"ngg_post_thumbnail":0,"footnotes":""},"class_list":["post-827","page","type-page","status-publish","hentry"],"_links":{"self":[{"href":"http:\/\/www.pro-a-kids.org\/index.php?rest_route=\/wp\/v2\/pages\/827","targetHints":{"allow":["GET"]}}],"collection":[{"href":"http:\/\/www.pro-a-kids.org\/index.php?rest_route=\/wp\/v2\/pages"}],"about":[{"href":"http:\/\/www.pro-a-kids.org\/index.php?rest_route=\/wp\/v2\/types\/page"}],"author":[{"embeddable":true,"href":"http:\/\/www.pro-a-kids.org\/index.php?rest_route=\/wp\/v2\/users\/2"}],"replies":[{"embeddable":true,"href":"http:\/\/www.pro-a-kids.org\/index.php?rest_route=%2Fwp%2Fv2%2Fcomments&post=827"}],"version-history":[{"count":21,"href":"http:\/\/www.pro-a-kids.org\/index.php?rest_route=\/wp\/v2\/pages\/827\/revisions"}],"predecessor-version":[{"id":831,"href":"http:\/\/www.pro-a-kids.org\/index.php?rest_route=\/wp\/v2\/pages\/827\/revisions\/831"}],"up":[{"embeddable":true,"href":"http:\/\/www.pro-a-kids.org\/index.php?rest_route=\/wp\/v2\/pages\/134"}],"wp:attachment":[{"href":"http:\/\/www.pro-a-kids.org\/index.php?rest_route=%2Fwp%2Fv2%2Fmedia&parent=827"}],"curies":[{"name":"wp","href":"https:\/\/api.w.org\/{rel}","templated":true}]}}