{"id":32,"date":"2008-01-27T22:21:44","date_gmt":"2008-01-27T21:21:44","guid":{"rendered":"http:\/\/www.pro-a-kids.org\/?page_id=32"},"modified":"2013-03-17T12:07:00","modified_gmt":"2013-03-17T11:07:00","slug":"kontakt","status":"publish","type":"page","link":"http:\/\/www.pro-a-kids.org\/?page_id=32","title":{"rendered":"Wo ist Timau?"},"content":{"rendered":"<p>Das Gebiet, in dem sich unser Kindergartenprojekt Kongoni\/Timau befindet, liegt in den sog. \u201eWhite Highlands\u201c, dem ehemaligen Siedlungsgebiet des Englischen Adels rund um die Kreisstadt Nanyuki am Fu\u00dfe des Mt. Kenia.<\/p>\n<p><iframe loading=\"lazy\" src=\"http:\/\/maps.google.de\/maps?f=q&amp;source=s_q&amp;hl=de&amp;geocode=&amp;q=Timau,+Eastern,+Kenya&amp;sll=49.59028,11.03981&amp;sspn=0.007025,0.018325&amp;ie=UTF8&amp;hq=&amp;hnear=Timau,+Eastern+Province,+Kenia&amp;t=h&amp;ll=0.039482,37.233353&amp;spn=0.171661,0.171318&amp;z=12&amp;iwloc=A&amp;output=embed\" frameborder=\"0\" marginwidth=\"0\" marginheight=\"0\" scrolling=\"no\" width=\"500\" height=\"500\"><\/iframe><br \/>\n<small><a style=\"color: #0000ff; text-align: left;\" href=\"http:\/\/maps.google.de\/maps?f=q&amp;source=embed&amp;hl=de&amp;geocode=&amp;q=Timau,+Eastern,+Kenya&amp;sll=49.59028,11.03981&amp;sspn=0.007025,0.018325&amp;ie=UTF8&amp;hq=&amp;hnear=Timau,+Eastern+Province,+Kenia&amp;t=h&amp;ll=0.039482,37.233353&amp;spn=0.171661,0.171318&amp;z=12&amp;iwloc=A\">Gr\u00f6\u00dfere Kartenansicht<\/a><\/small><\/p>\n<p>Bedingt durch das Vulkangestein des zweith\u00f6chsten Berges Afrikas und die relativ hohen Niederschl\u00e4ge auf einer H\u00f6he von ca. 2.200 m \u00fc.d.M. herrschen\u00a0g\u00fcnstige klimatische Bedingungen f\u00fcr Ackerbau und Viehzucht. Vorherrschend\u00a0sind hier die Stammesgruppen der Kikuyu und Meru,\u00a0im Norden und Westen\u00a0grenzen die Stammesgebiete\u00a0nomadisch lebender St\u00e4mme wie Turkana, Samburu und Masai an.<\/p>\n<p>Gro\u00dfe landwirtschaftliche Farmen pr\u00e4gen die Umgebung, soziale Mindeststandards f\u00fcr Arbeiter und Umweltschutz sind jedoch eher die Ausnahme, der Ertrag der Gro\u00dfbetriebe geht ins Ausland oder an die politische Oberschicht.<\/p>\n<p>Deshalb ist es uns ein besonderes Anliegen, durch gezielte Bildungsma\u00dfnahmen eine Entwicklung zu Eigeninitiative und Selbstverantwortung zu unterst\u00fctzen, da unserer Auffassung nach besonders eine wirtschaftlich unabh\u00e4ngige Mittelschicht zur Stabilisierung eines Landes und zur Anbindung sozial schwacher und benachteiligter Bev\u00f6lkerungsgruppen beitr\u00e4gt.<\/p>\n<p>Wer sich n\u00e4her mit\u00a0Land und Leuten\u00a0befassen m\u00f6chte, sei z.B. auf folgende Informationen verwiesen:<\/p>\n<p><a href=\"http:\/\/www.inwent.org\/v-ez\/lis\/kenia\">www.inwent.org\/v-ez\/lis\/kenia<\/a><\/p>\n<p><a class=\"alignleft\" title=\"www.nation.co.ke\" href=\"http:\/\/www.nation.co.ke\/\" target=\"_blank\">www.nation.co.ke\/<\/a><\/p>\n","protected":false},"excerpt":{"rendered":"<p>Das Gebiet, in dem sich unser Kindergartenprojekt Kongoni\/Timau befindet, liegt in den sog. \u201eWhite Highlands\u201c, dem ehemaligen Siedlungsgebiet des Englischen Adels rund um die Kreisstadt Nanyuki am Fu\u00dfe des Mt. Kenia. Gr\u00f6\u00dfere Kartenansicht Bedingt durch das Vulkangestein des zweith\u00f6chsten Berges Afrikas und die relativ hohen Niederschl\u00e4ge auf einer H\u00f6he von ca. 2.200 m \u00fc.d.M. herrschen\u00a0g\u00fcnstige [&hellip;]<\/p>\n","protected":false},"author":1,"featured_media":0,"parent":9,"menu_order":30,"comment_status":"open","ping_status":"open","template":"","meta":{"ngg_post_thumbnail":0,"footnotes":""},"class_list":["post-32","page","type-page","status-publish","hentry"],"_links":{"self":[{"href":"http:\/\/www.pro-a-kids.org\/index.php?rest_route=\/wp\/v2\/pages\/32","targetHints":{"allow":["GET"]}}],"collection":[{"href":"http:\/\/www.pro-a-kids.org\/index.php?rest_route=\/wp\/v2\/pages"}],"about":[{"href":"http:\/\/www.pro-a-kids.org\/index.php?rest_route=\/wp\/v2\/types\/page"}],"author":[{"embeddable":true,"href":"http:\/\/www.pro-a-kids.org\/index.php?rest_route=\/wp\/v2\/users\/1"}],"replies":[{"embeddable":true,"href":"http:\/\/www.pro-a-kids.org\/index.php?rest_route=%2Fwp%2Fv2%2Fcomments&post=32"}],"version-history":[{"count":11,"href":"http:\/\/www.pro-a-kids.org\/index.php?rest_route=\/wp\/v2\/pages\/32\/revisions"}],"predecessor-version":[{"id":1458,"href":"http:\/\/www.pro-a-kids.org\/index.php?rest_route=\/wp\/v2\/pages\/32\/revisions\/1458"}],"up":[{"embeddable":true,"href":"http:\/\/www.pro-a-kids.org\/index.php?rest_route=\/wp\/v2\/pages\/9"}],"wp:attachment":[{"href":"http:\/\/www.pro-a-kids.org\/index.php?rest_route=%2Fwp%2Fv2%2Fmedia&parent=32"}],"curies":[{"name":"wp","href":"https:\/\/api.w.org\/{rel}","templated":true}]}}