{"id":1697,"date":"2015-09-20T11:21:21","date_gmt":"2015-09-20T10:21:21","guid":{"rendered":"http:\/\/www.pro-a-kids.org\/?page_id=1697"},"modified":"2015-09-20T11:21:21","modified_gmt":"2015-09-20T10:21:21","slug":"praktikumsbericht-august-2015","status":"publish","type":"page","link":"http:\/\/www.pro-a-kids.org\/?page_id=1697","title":{"rendered":"Praktikumsbericht August 2015"},"content":{"rendered":"<p>Am 18. August 2015 brachen elf Sch\u00fcler der Freien Waldorfschule Erlangen sowie der Rudolf Steiner Schule Coburg mit zwei Betreuen und weiteren Mitgliedern des Vereins pro-A-kids zu einem zweiw\u00f6chigen Sozialpraktikum nach Timau auf.<\/p>\n<p>Ziel des Aufenthalts waren neben zahlreichen praktischen Aktivit\u00e4ten innerhalb des Projektes, wie der Bau eines Kletterger\u00fcstes oder das Gestalten der neuen Klassenr\u00e4ume, auch der Besuch der Girls Hut unter der Leitung von Patricia Wamuyu. Das Highlight des Aufenthaltes war die gemeinsame Schulhauser\u00f6ffnung in Kongoni, bei der nicht nur \u00f6ffentliche Amtstr\u00e4ger der \u00f6rtlichen Verwaltung, sondern auch Eltern, Lehrer und Kinder teilnahmen.<\/p>\n<p><a href=\"http:\/\/www.pro-a-kids.org\/wp-content\/uploads\/2015\/09\/ma\u0308dchenhu\u0308tte-1.jpg\"><img loading=\"lazy\" decoding=\"async\" class=\"alignleft size-thumbnail wp-image-1712\" title=\"ma\u0308dchenhu\u0308tte-1\" src=\"http:\/\/www.pro-a-kids.org\/wp-content\/uploads\/2015\/09\/ma\u0308dchenhu\u0308tte-1-140x140.jpg\" alt=\"\" width=\"140\" height=\"140\" srcset=\"http:\/\/www.pro-a-kids.org\/wp-content\/uploads\/2015\/09\/ma\u0308dchenhu\u0308tte-1-140x140.jpg 140w, http:\/\/www.pro-a-kids.org\/wp-content\/uploads\/2015\/09\/ma\u0308dchenhu\u0308tte-1.jpg 178w\" sizes=\"auto, (max-width: 140px) 100vw, 140px\" \/><\/a><\/p>\n<p><a href=\"http:\/\/www.pro-a-kids.org\/wp-content\/uploads\/2015\/09\/ma\u0308dchenhu\u0308tte-6.jpg\"><img loading=\"lazy\" decoding=\"async\" class=\"alignleft size-thumbnail wp-image-1715\" title=\"ma\u0308dchenhu\u0308tte-6\" src=\"http:\/\/www.pro-a-kids.org\/wp-content\/uploads\/2015\/09\/ma\u0308dchenhu\u0308tte-6-140x140.jpg\" alt=\"\" width=\"140\" height=\"140\" srcset=\"http:\/\/www.pro-a-kids.org\/wp-content\/uploads\/2015\/09\/ma\u0308dchenhu\u0308tte-6-140x140.jpg 140w, http:\/\/www.pro-a-kids.org\/wp-content\/uploads\/2015\/09\/ma\u0308dchenhu\u0308tte-6.jpg 178w\" sizes=\"auto, (max-width: 140px) 100vw, 140px\" \/><\/a> <a href=\"http:\/\/www.pro-a-kids.org\/wp-content\/uploads\/2015\/09\/klettergeru\u0308st-5.jpg\"><img loading=\"lazy\" decoding=\"async\" class=\"alignleft size-thumbnail wp-image-1709\" title=\"klettergeru\u0308st-5\" src=\"http:\/\/www.pro-a-kids.org\/wp-content\/uploads\/2015\/09\/klettergeru\u0308st-5-140x140.jpg\" alt=\"\" width=\"140\" height=\"140\" srcset=\"http:\/\/www.pro-a-kids.org\/wp-content\/uploads\/2015\/09\/klettergeru\u0308st-5-140x140.jpg 140w, http:\/\/www.pro-a-kids.org\/wp-content\/uploads\/2015\/09\/klettergeru\u0308st-5.jpg 178w\" sizes=\"auto, (max-width: 140px) 100vw, 140px\" \/><\/a><\/p>\n<p>&nbsp;<\/p>\n<p>&nbsp;<\/p>\n<p>&nbsp;<\/p>\n<p>&nbsp;<\/p>\n<p>&nbsp;<\/p>\n<p>&nbsp;<\/p>\n<p>Neben der umfangreichen ehrenamtlichen Arbeit in Kongoni hatten die Sch\u00fclerinnen und Sch\u00fcler am Nachmittag die M\u00f6glichkeit, in das lokale Geschehen einzutauchen und ihr Freizeit in Timau, aber auch in der nahe gelegenen Stadt Nanyuki zu verbringen. Die Tatsache, dass die Reisegruppe als Selbstversorger unterwegs war, veranlasste das t\u00e4gliche Kochteam zu spannenden und erlebnisreichen Ausfl\u00fcgen auf die lokalen Wochenm\u00e4rkte, um\u00a0\u00a0 Obst, Gem\u00fcse, Reis und Brot f\u00fcr die Gruppe einzukaufen.<\/p>\n<p>Besonders der Kontakt zu den M\u00e4dchen des Girls Hut Projektes in River Side bereicherte einige Praktikantinnen durch enge soziale Kontakte zu einheimischen gleichaltrigen M\u00e4dchen aus Timau. Es entstanden Freundschaften und der Austausch auf Augenh\u00f6he er\u00f6ffnete allen einen ersten Eindruck von der Lebens- und Denkweise der jeweils anderen Kultur. Das gemeinsame Spielen, Lesen, Singen und Tanzen sowie der Besuch eines HIV Vortrages schwei\u00dfte die M\u00e4dchen unterschiedlicher Kultur zusammen und hinterlie\u00df auf beiden Seiten tiefe Emotionen und Eindr\u00fccke.<\/p>\n<p><a href=\"http:\/\/www.pro-a-kids.org\/wp-content\/uploads\/2015\/09\/Praktis-8.jpg\"><img loading=\"lazy\" decoding=\"async\" class=\"size-thumbnail wp-image-1720 alignnone\" title=\"Praktis-8\" src=\"http:\/\/www.pro-a-kids.org\/wp-content\/uploads\/2015\/09\/Praktis-8-140x140.jpg\" alt=\"\" width=\"140\" height=\"140\" srcset=\"http:\/\/www.pro-a-kids.org\/wp-content\/uploads\/2015\/09\/Praktis-8-140x140.jpg 140w, http:\/\/www.pro-a-kids.org\/wp-content\/uploads\/2015\/09\/Praktis-8.jpg 178w\" sizes=\"auto, (max-width: 140px) 100vw, 140px\" \/><\/a><a href=\"http:\/\/www.pro-a-kids.org\/wp-content\/uploads\/2015\/09\/kids-4.jpg\"><img loading=\"lazy\" decoding=\"async\" class=\"alignnone size-thumbnail wp-image-1707\" title=\"kids-4\" src=\"http:\/\/www.pro-a-kids.org\/wp-content\/uploads\/2015\/09\/kids-4-140x140.jpg\" alt=\"\" width=\"140\" height=\"140\" srcset=\"http:\/\/www.pro-a-kids.org\/wp-content\/uploads\/2015\/09\/kids-4-140x140.jpg 140w, http:\/\/www.pro-a-kids.org\/wp-content\/uploads\/2015\/09\/kids-4.jpg 178w\" sizes=\"auto, (max-width: 140px) 100vw, 140px\" \/><\/a><a href=\"http:\/\/www.pro-a-kids.org\/wp-content\/uploads\/2015\/09\/margitlena.jpg\"><img loading=\"lazy\" decoding=\"async\" class=\"alignnone size-thumbnail wp-image-1719\" title=\"margit,lena\" src=\"http:\/\/www.pro-a-kids.org\/wp-content\/uploads\/2015\/09\/margitlena-105x140.jpg\" alt=\"\" width=\"105\" height=\"140\" srcset=\"http:\/\/www.pro-a-kids.org\/wp-content\/uploads\/2015\/09\/margitlena-105x140.jpg 105w, http:\/\/www.pro-a-kids.org\/wp-content\/uploads\/2015\/09\/margitlena-225x300.jpg 225w, http:\/\/www.pro-a-kids.org\/wp-content\/uploads\/2015\/09\/margitlena-768x1024.jpg 768w, http:\/\/www.pro-a-kids.org\/wp-content\/uploads\/2015\/09\/margitlena.jpg 1152w\" sizes=\"auto, (max-width: 105px) 100vw, 105px\" \/><\/a><\/p>\n<p>Im Namen des Vereins bedanke ich mich bei allen Beteiligten f\u00fcr diese gelungene Reise und freue mich bereits auf das kommende Jahr, wenn es wieder los geht.<\/p>\n<p>Lena Rauschert<\/p>\n<h3>Projektbericht Kletterger\u00fcst und Klassenzimmergestaltung 2015<\/h3>\n<p>Im Rahmen des diesj\u00e4hrigen Sozialpraktikums in Timau wurde auf dem Gel\u00e4nde des Kindergartens in Kongoni ein neues Kletterger\u00fcst f\u00fcr die rund 80 Kinder gebaut.<\/p>\n<p><a href=\"http:\/\/www.pro-a-kids.org\/wp-content\/uploads\/2015\/09\/klettergeru\u0308st-6.jpg\"><img loading=\"lazy\" decoding=\"async\" class=\"alignright size-thumbnail wp-image-1710\" title=\"klettergeru\u0308st-6\" src=\"http:\/\/www.pro-a-kids.org\/wp-content\/uploads\/2015\/09\/klettergeru\u0308st-6-140x140.jpg\" alt=\"\" width=\"140\" height=\"140\" srcset=\"http:\/\/www.pro-a-kids.org\/wp-content\/uploads\/2015\/09\/klettergeru\u0308st-6-140x140.jpg 140w, http:\/\/www.pro-a-kids.org\/wp-content\/uploads\/2015\/09\/klettergeru\u0308st-6.jpg 178w\" sizes=\"auto, (max-width: 140px) 100vw, 140px\" \/><\/a>Mit der Unterst\u00fctzung des deutschen Projektleiters Patrick D\u00fcver und der seines einheimischen Kollegen Martin Murithi, begleitet durch das Organisationstalent von Francis Wambugu, bauten die elf Sch\u00fclerinnen und Sch\u00fcler ein farbenfrohes Kletterger\u00fcst. Die Vorarbeit, das Setzen der sechs St\u00fctzpfeiler, wurde bereits vor der Ankunft der Reisegruppe organisiert, sodass das Fundament gut aush\u00e4rten konnte. Mit orts\u00fcblichen Eselskarren wurden dann die Bretter geliefert, welche anschie\u00dfend von den Praktikanten in m\u00fchevoller Handarbeit geschliffen wurden. Nach dem Grundieren konnten die H\u00f6lzer in unterschiedlichen Farben gestrichen werden, was von den Kindern freudig bewundert wurde.<\/p>\n<p>Nach einigen Komplikationen und \u00c4nderungen des anfangs gesteckten Zeitplans konnte das Kletterger\u00fcst schlie\u00dflich aufgebaut werden. Auch in diesem Jahr mussten alle Helfer Kreativit\u00e4t und Improvisationsverm\u00f6gen beweisen. Dies ist hervorragend gelungen.<\/p>\n<p>Parallel zum Bau des Kletterger\u00fcstes gestaltete eine Gruppe Praktikantinnen die Klassenzimmer und bereitete den Einzug der Kinder nach den Ferien vor. Wie in Kenia \u00fcblich wurden die W\u00e4nde farbenfroh mit unterschiedlichen Tieren und Landschaften bemalt. Nach der Gestaltung der W\u00e4nde sowie dem Streichen der neuen Tafelfl\u00e4chen konnten die beiden Klassenr\u00e4ume eingerichtet werden. Die Lernplakate der alten Zimmer fanden frisch gewaschen einen neuen Platz und den beiden Lehrerinnen Salome und Hilari war die Freude \u00fcber ihren neuen Arbeitsplatz sichtlich anzumerken.<\/p>\n<p><a href=\"http:\/\/www.pro-a-kids.org\/wp-content\/uploads\/2015\/09\/Malaktion-7.jpg\"><img loading=\"lazy\" decoding=\"async\" class=\"alignleft size-thumbnail wp-image-1717\" title=\"Malaktion-7\" src=\"http:\/\/www.pro-a-kids.org\/wp-content\/uploads\/2015\/09\/Malaktion-7-140x140.jpg\" alt=\"\" width=\"140\" height=\"140\" srcset=\"http:\/\/www.pro-a-kids.org\/wp-content\/uploads\/2015\/09\/Malaktion-7-140x140.jpg 140w, http:\/\/www.pro-a-kids.org\/wp-content\/uploads\/2015\/09\/Malaktion-7.jpg 178w\" sizes=\"auto, (max-width: 140px) 100vw, 140px\" \/><\/a> <a href=\"http:\/\/www.pro-a-kids.org\/wp-content\/uploads\/2015\/09\/Malaktion-2.jpg\"><img loading=\"lazy\" decoding=\"async\" class=\"alignleft size-thumbnail wp-image-1716\" title=\"Malaktion-2\" src=\"http:\/\/www.pro-a-kids.org\/wp-content\/uploads\/2015\/09\/Malaktion-2-140x140.jpg\" alt=\"\" width=\"140\" height=\"140\" srcset=\"http:\/\/www.pro-a-kids.org\/wp-content\/uploads\/2015\/09\/Malaktion-2-140x140.jpg 140w, http:\/\/www.pro-a-kids.org\/wp-content\/uploads\/2015\/09\/Malaktion-2.jpg 178w\" sizes=\"auto, (max-width: 140px) 100vw, 140px\" \/><\/a>Zum Tag der Schulhauseinweihung waren beide Aktivit\u00e4ten beendet und die Freude der Kinder und Eltern, welche das neu Entstandene mit gro\u00dfen Emotionen begutachteten, entsch\u00e4digte f\u00fcr die ein oder andere zus\u00e4tzliche Arbeitsstunde.<\/p>\n<p>F\u00fcr den n\u00e4chsten Projektbesuch ist der Bau neuer Regale f\u00fcr die beiden Klassenr\u00e4ume geplant, in welchen alle Lehr- und Lernmaterialien sowie die Taschen und Jacken der Kinder einen geeigneten Platz finden sollen.<\/p>\n<h3>Projektbericht Schulhauser\u00f6ffnung<\/h3>\n<p>Am 31. August 2015 wurde im Rahmen des Praktikumsaufenthaltes das neue Schulgeb\u00e4ude in Kongoni (Timau) er\u00f6ffnet. 80 Kinder im Alter von drei bis sechs Jahren k\u00f6nnen nun mit ihren beiden Klassenlehrerinnen die neuen R\u00e4ume beleben und in einer sch\u00f6nen Umgebung lernen, spielen und lachen.<\/p>\n<p><a href=\"http:\/\/www.pro-a-kids.org\/wp-content\/uploads\/2015\/09\/Haus-au\u00dfen-1.jpg\"><img loading=\"lazy\" decoding=\"async\" class=\"alignright size-thumbnail wp-image-1705\" title=\"Haus-au\u00dfen-1\" src=\"http:\/\/www.pro-a-kids.org\/wp-content\/uploads\/2015\/09\/Haus-au\u00dfen-1-140x140.jpg\" alt=\"\" width=\"140\" height=\"140\" srcset=\"http:\/\/www.pro-a-kids.org\/wp-content\/uploads\/2015\/09\/Haus-au\u00dfen-1-140x140.jpg 140w, http:\/\/www.pro-a-kids.org\/wp-content\/uploads\/2015\/09\/Haus-au\u00dfen-1.jpg 178w\" sizes=\"auto, (max-width: 140px) 100vw, 140px\" \/><\/a>Den Auftakt der Feierlichkeit machten die Festreden der lokalen Verwaltung. Auch von unserer Seite sprach Eva B\u00e4r und richtete einige Worte an die beiwohnenden Eltern, Lehrer und G\u00e4ste. Abschlie\u00dfend gab es unterhaltende Beitr\u00e4ge der Kinder, der deutschen G\u00e4ste und auch die Eltern beteiligten sich mit Gesang.<\/p>\n<p>Nachdem das neue Kletterger\u00fcst bestaunt und sogleich ausprobiert worden war, ging man gemeinsam zum Schulhaus, wo Margit B\u00f6rgb\u00f6hmer aus dem Vorstand gemeinsam mit einem Elternvertreter feierlich das rote Band teilte und damit offiziell die T\u00fcren f\u00fcr die neugierigen Kinder und Eltern \u00f6ffnete.<\/p>\n<p>Mit strahlenden Augen betraten die ersten Kinder ihre neuen Klassenzimmer und staunten nicht schlecht, angesichts der liebevoll und freundlich gestalteten R\u00e4ume.<\/p>\n<p>Ebenfalls mit Gesang und einer ausgelassenen Stimmung bedankten sich alle Eltern bei den Verantwortlichen. Mit einem gemeinsamen Essen wurde der Festtag auf dem Gel\u00e4nde abgerundet.<\/p>\n<h3>Projektbericht Girls Hut<\/h3>\n<p>Die kleine unscheinbare H\u00fctte liegt in River Side, jenseits des Fl\u00fcsschens auf einem H\u00fcgel von Timau. Seit dem <a href=\"http:\/\/www.pro-a-kids.org\/wp-content\/uploads\/2015\/09\/ma\u0308dchenhu\u0308tte-5.jpg\"><img loading=\"lazy\" decoding=\"async\" class=\"size-thumbnail wp-image-1714 alignleft\" title=\"ma\u0308dchenhu\u0308tte-5\" src=\"http:\/\/www.pro-a-kids.org\/wp-content\/uploads\/2015\/09\/ma\u0308dchenhu\u0308tte-5-140x140.jpg\" alt=\"\" width=\"140\" height=\"140\" srcset=\"http:\/\/www.pro-a-kids.org\/wp-content\/uploads\/2015\/09\/ma\u0308dchenhu\u0308tte-5-140x140.jpg 140w, http:\/\/www.pro-a-kids.org\/wp-content\/uploads\/2015\/09\/ma\u0308dchenhu\u0308tte-5.jpg 178w\" sizes=\"auto, (max-width: 140px) 100vw, 140px\" \/><\/a>Beginn des Projektes im Jahr 2014 treffen sich dort M\u00e4dchen aus dem Slumviertel von Timau im Alter von 15 bis 20. Unter der Leitung von Particia Wamuyu ist dort ein Ort entstanden, wo man sich treffen, um Rat fragen, ausruhen und einfach ein paar unbeschwerte Stunden verbringen kann. Die B\u00fccher und Bastelmaterialien bieten f\u00fcr viele eine wohltuende Abwechslung vom harten und arbeitsintensiven Alltag. Viele M\u00e4dchen stammen aus \u00e4rmsten Verh\u00e4ltnissen, haben viele Geschwister, um die sie sich k\u00fcmmern m\u00fcssen, und oft sind die famili\u00e4ren Verh\u00e4ltnisse stark belastet. Die HIV Rate in Timau liegt bei \u00fcber 60%, sodass nicht nur einige M\u00e4dchen bereits ein Elternteil durch Aids verloren haben, sondern oft auch selbst mit dem meist t\u00f6dlichen Virus infiziert sind. <a href=\"http:\/\/www.pro-a-kids.org\/wp-content\/uploads\/2015\/09\/ma\u0308dchenhu\u0308tte-2.jpg\"><img loading=\"lazy\" decoding=\"async\" class=\"alignright size-thumbnail wp-image-1712\" title=\"ma\u0308dchenhu\u0308tte-1\" src=\"http:\/\/www.pro-a-kids.org\/wp-content\/uploads\/2015\/09\/ma\u0308dchenhu\u0308tte-1-140x140.jpg\" alt=\"\" width=\"140\" height=\"140\" srcset=\"http:\/\/www.pro-a-kids.org\/wp-content\/uploads\/2015\/09\/ma\u0308dchenhu\u0308tte-1-140x140.jpg 140w, http:\/\/www.pro-a-kids.org\/wp-content\/uploads\/2015\/09\/ma\u0308dchenhu\u0308tte-1.jpg 178w\" sizes=\"auto, (max-width: 140px) 100vw, 140px\" \/><\/a><\/p>\n<p>F\u00fcr alle Sorgen, Fragen und N\u00f6te ist Patricia, die selbst bereits viel in ihrem kurzen Leben erlebt hat, eine vertrauensvolle und helfende Ansprechpartnern. Zus\u00e4tzlich bietet Salome, die als selbstst\u00e4ndige medizinische Beraterin im \u00f6rtlichen Krankenhaus arbeitet, einmal pro Monat einen Beratungsnachmittag an, bei welchen die M\u00e4dchen nicht nur umfassend \u00fcber den HIV Virus aufgekl\u00e4rt werden, sondern auch Themen wie Sexualit\u00e4t, Familienplanung, allgemeine Gesundheitsvorsorge und Hygiene besprochen werden. Auch kostenlose HIV Tests werden hier durchgef\u00fchrt und ebenfalls kostenlos sind hier Medikamente und Verh\u00fctungsmittel verf\u00fcgbar.<\/p>\n<p>Der Besuch der deutschen Praktikanten war ein tiefgreifendes Erlebnis, da die gleichaltrigen M\u00e4dchen aus unterschiedlichen Kulturen in einen wertvollen Austausch kamen. Gemeinsam wurden Freundschaftsb\u00e4der gekn\u00fcpft und nebenbei \u00fcber die erste gro\u00dfe Liebe, die Eltern und Hobbies geplaudert. Besonders r\u00fchrend war der Nachmittag im Krankenhaus, als die M\u00e4dchen gemeinsam die Beratungsstunde bei Salome besuchten. Die Erkenntnis, dass man \u00fcber gro\u00dfe soziokulturelle Grenzen hinweg \u00e4hnliche Fragen, \u00c4ngste und Emotionen hat, schwei\u00dfte die Gruppe noch mehr zusammen und schuf eine Basis an Vertrauen, auf welcher Grenzen und Mauern, aber auch Vorurteile \u00fcberwunden werden k\u00f6nnen.<\/p>\n","protected":false},"excerpt":{"rendered":"<p>Am 18. August 2015 brachen elf Sch\u00fcler der Freien Waldorfschule Erlangen sowie der Rudolf Steiner Schule Coburg mit zwei Betreuen und weiteren Mitgliedern des Vereins pro-A-kids zu einem zweiw\u00f6chigen Sozialpraktikum nach Timau auf. Ziel des Aufenthalts waren neben zahlreichen praktischen Aktivit\u00e4ten innerhalb des Projektes, wie der Bau eines Kletterger\u00fcstes oder das Gestalten der neuen Klassenr\u00e4ume, [&hellip;]<\/p>\n","protected":false},"author":1,"featured_media":0,"parent":1010,"menu_order":0,"comment_status":"open","ping_status":"open","template":"","meta":{"ngg_post_thumbnail":0,"footnotes":""},"class_list":["post-1697","page","type-page","status-publish","hentry"],"_links":{"self":[{"href":"http:\/\/www.pro-a-kids.org\/index.php?rest_route=\/wp\/v2\/pages\/1697","targetHints":{"allow":["GET"]}}],"collection":[{"href":"http:\/\/www.pro-a-kids.org\/index.php?rest_route=\/wp\/v2\/pages"}],"about":[{"href":"http:\/\/www.pro-a-kids.org\/index.php?rest_route=\/wp\/v2\/types\/page"}],"author":[{"embeddable":true,"href":"http:\/\/www.pro-a-kids.org\/index.php?rest_route=\/wp\/v2\/users\/1"}],"replies":[{"embeddable":true,"href":"http:\/\/www.pro-a-kids.org\/index.php?rest_route=%2Fwp%2Fv2%2Fcomments&post=1697"}],"version-history":[{"count":20,"href":"http:\/\/www.pro-a-kids.org\/index.php?rest_route=\/wp\/v2\/pages\/1697\/revisions"}],"predecessor-version":[{"id":1734,"href":"http:\/\/www.pro-a-kids.org\/index.php?rest_route=\/wp\/v2\/pages\/1697\/revisions\/1734"}],"up":[{"embeddable":true,"href":"http:\/\/www.pro-a-kids.org\/index.php?rest_route=\/wp\/v2\/pages\/1010"}],"wp:attachment":[{"href":"http:\/\/www.pro-a-kids.org\/index.php?rest_route=%2Fwp%2Fv2%2Fmedia&parent=1697"}],"curies":[{"name":"wp","href":"https:\/\/api.w.org\/{rel}","templated":true}]}}