{"id":1613,"date":"2015-04-06T14:03:33","date_gmt":"2015-04-06T13:03:33","guid":{"rendered":"http:\/\/www.pro-a-kids.org\/?page_id=1613"},"modified":"2019-02-02T20:07:24","modified_gmt":"2019-02-02T19:07:24","slug":"mitgliedschaft","status":"publish","type":"page","link":"http:\/\/www.pro-a-kids.org\/?page_id=1613","title":{"rendered":"Mitgliedschaft"},"content":{"rendered":"<p>Unser kleiner Verein wurde 2007 &nbsp;aus einer Sch\u00fclerinitiative heraus gegr\u00fcndet und hat sich von 12 Gr\u00fcndungsmitgliedern auf aktuell 36 Mitglieder erweitert.<\/p>\n<p>Um auch Jugendlichen eine aktive Vereinsmitgliedschaft und somit einen leichten Einstieg in demokratische Organisationen zu erm\u00f6glichen, haben wir den Mitgliedsbeitrag mit 24 EUR \/ Jahr bewusst niedrig gehalten. F\u00fcr Sch\u00fcler ist auch eine Erm\u00e4\u00dfigung auf 12 EUR \/ Jahr m\u00f6glich.<\/p>\n<p>Der Mitgliedsbeitrag deckt im Wesentlichen die Verwaltungskosten des Vereines einschlie\u00dflich der \u00d6ffentlichkeitsarbeit.<\/p>\n<p>Zur Wahrnehmung der satzungsgem\u00e4\u00dfen Ziele sind deshalb weitere Spenden von Mitgliedern und Sponsoren erforderlich. Das Einwerben solcher Spenden geh\u00f6rt zur selbstverst\u00e4ndlichen Aufgabe jedes Mitgliedes. \u00dcber die Verwendung der eingeworbenen Mittel entscheidet der Vorstand und die j\u00e4hrliche Mitgliederversammlung. F\u00fcr interessierte Mitglieder besteht auch die M\u00f6glichkeit, einige Zeit als Beisitzer oder als Projektleiter im Vorstand mitzuarbeiten. So l\u00e4sst sich am besten herausfinden, ob man sich ein weitergehendes Engagement vorstellen k\u00f6nnte.<\/p>\n<p>Prinzipiell unterscheiden wir zwischen<\/p>\n<p><strong>Vereinsmitgliedern<\/strong> &#8211; diese zahlen einen j\u00e4hrlichen Mitgliedsbeitrag zur Aufrechterhaltung des Vereines, nehmen nach M\u00f6glichkeit an den j\u00e4hrlichen Mitgliederversammlungen teil und bringen sich je nach ihren Interessen und F\u00e4higkeiten aktiv und eigeninitiativ in die&nbsp; F\u00f6rderung und Ausgestaltung der Vereinsziele ein.<\/p>\n<p><strong>Sponsoren<\/strong> &#8211; diese unterst\u00fctzen unsere Arbeit durch Spenden und werden regelm\u00e4\u00dfig \u00fcber die aktuellen Fortschritte und Ereignisse informiert.<\/p>\n<p>Hier finden Sie <a href=\"http:\/\/www.pro-a-kids.org\/wp-content\/uploads\/2019\/02\/2018-12-10-Mitglieds_Spendenzusage-Sepa.pdf\" target=\"_blank\" rel=\"noopener\">Mitgliedsantrag\/F\u00f6rderzusage<\/a> und <a title=\"Satzung pro-A-kids\" href=\"http:\/\/www.pro-a-kids.org\/wp-content\/uploads\/2019\/02\/Satzung-2018-06-09.pdf\" target=\"_blank\" rel=\"noopener\">Satzung<\/a> zum Ausdrucken. Antrag bitte ausf\u00fcllen und an unsere Vereinsadresse senden:<\/p>\n<h3><strong>pro-A-kids e.V.<\/strong><\/h3>\n<h3><strong>Elke B\u00e4r<\/strong><\/h3>\n<h3><strong>D\u00f6rflas 2<\/strong><\/h3>\n<h3><strong>95463 Bindlach<\/strong><\/h3>\n<h3>info@pro-a-kids.org<\/h3>\n<p>&nbsp;<\/p>\n<p>&nbsp;<\/p>\n<p>&nbsp;<\/p>\n<p>&nbsp;<\/p>\n<p>&nbsp;<\/p>\n<p>&nbsp;<\/p>\n<p>&nbsp;<\/p>\n<p>&nbsp;<\/p>\n<p>&nbsp;<\/p>\n<p>&nbsp;<\/p>\n<p>&nbsp;<\/p>\n<p>&nbsp;<\/p>\n<p>&nbsp;<\/p>\n<p>&nbsp;<\/p>\n<p>&nbsp;<\/p>\n","protected":false},"excerpt":{"rendered":"<p>Unser kleiner Verein wurde 2007 &nbsp;aus einer Sch\u00fclerinitiative heraus gegr\u00fcndet und hat sich von 12 Gr\u00fcndungsmitgliedern auf aktuell 36 Mitglieder erweitert. Um auch Jugendlichen eine aktive Vereinsmitgliedschaft und somit einen leichten Einstieg in demokratische Organisationen zu erm\u00f6glichen, haben wir den Mitgliedsbeitrag mit 24 EUR \/ Jahr bewusst niedrig gehalten. F\u00fcr Sch\u00fcler ist auch eine Erm\u00e4\u00dfigung [&hellip;]<\/p>\n","protected":false},"author":2,"featured_media":0,"parent":11,"menu_order":5,"comment_status":"open","ping_status":"open","template":"","meta":{"ngg_post_thumbnail":0,"footnotes":""},"class_list":["post-1613","page","type-page","status-publish","hentry"],"_links":{"self":[{"href":"http:\/\/www.pro-a-kids.org\/index.php?rest_route=\/wp\/v2\/pages\/1613","targetHints":{"allow":["GET"]}}],"collection":[{"href":"http:\/\/www.pro-a-kids.org\/index.php?rest_route=\/wp\/v2\/pages"}],"about":[{"href":"http:\/\/www.pro-a-kids.org\/index.php?rest_route=\/wp\/v2\/types\/page"}],"author":[{"embeddable":true,"href":"http:\/\/www.pro-a-kids.org\/index.php?rest_route=\/wp\/v2\/users\/2"}],"replies":[{"embeddable":true,"href":"http:\/\/www.pro-a-kids.org\/index.php?rest_route=%2Fwp%2Fv2%2Fcomments&post=1613"}],"version-history":[{"count":10,"href":"http:\/\/www.pro-a-kids.org\/index.php?rest_route=\/wp\/v2\/pages\/1613\/revisions"}],"predecessor-version":[{"id":2151,"href":"http:\/\/www.pro-a-kids.org\/index.php?rest_route=\/wp\/v2\/pages\/1613\/revisions\/2151"}],"up":[{"embeddable":true,"href":"http:\/\/www.pro-a-kids.org\/index.php?rest_route=\/wp\/v2\/pages\/11"}],"wp:attachment":[{"href":"http:\/\/www.pro-a-kids.org\/index.php?rest_route=%2Fwp%2Fv2%2Fmedia&parent=1613"}],"curies":[{"name":"wp","href":"https:\/\/api.w.org\/{rel}","templated":true}]}}