{"id":134,"date":"2008-05-12T15:59:14","date_gmt":"2008-05-12T14:59:14","guid":{"rendered":"http:\/\/www.pro-a-kids.org\/?page_id=134"},"modified":"2010-01-21T18:39:42","modified_gmt":"2010-01-21T17:39:42","slug":"spendenverwendung","status":"publish","type":"page","link":"http:\/\/www.pro-a-kids.org\/?page_id=134","title":{"rendered":"Spendenverwendung"},"content":{"rendered":"<p>Im\u00a0\u00a0Rahmen unseres ersten\u00a0Projektbesuches vom 16. bis 27. M\u00e4rz 2008 wurde mit der Elternschaft, der Lehrerin, unserem Projektbetreuer\u00a0und dem zust\u00e4ndigen Gemeindevorstand von Kongoni abgesprochen, welche kurz-, mittel- und langfristigen Projekte in Angriff genommen werden k\u00f6nnen. Als besonders dringend\u00a0nannte man uns\u00a0die Verbesserung der Gesundheitssituation, weshalb wir uns\u00a0mit unserem Engagement momentan\u00a0auf diesen Schwerpunkt konzentrieren. Dies steht eng im Zusammenhang mit dem n\u00e4chsten Anliegen: der Betreuung der Kinder bis in den Nachmittag hinein, auch dies ist mittlerweile realisiert. Ein gro\u00dfer Fortschritt war ebenfalls der Anschluss an die seit 2009 fertiggestellte Wasserversorgung des Ortes, die eine gro\u00dfe Anzahl weiterer Ma\u00dfnahmen \u00fcberhaupt erst m\u00f6glich macht.<\/p>\n<p>Details dazu und die j\u00e4hrliche Entwicklung der Mittelverwendung finden sie unter den jeweiligenn Unterpunkten.<\/p>\n<p>All unseren Spendern sei an dieser Stelle nochmals ganz herzlich gedankt! Geld ist zwar nicht alles &#8211; auch nicht in Zusammenarbeit mit einem afrikanischen Kindergarten &#8211; aber ohne\u00a0entsprechende finanzielle Mittel\u00a0geht es eben auch nicht, weder hier noch dort.<\/p>\n<p><a href=\"http:\/\/www.pro-a-kids.org\/wp-content\/uploads\/2008\/05\/Z\u00e4hlen_mit_Steinen.jpg\"><img loading=\"lazy\" decoding=\"async\" class=\"alignleft size-medium wp-image-887\" title=\"Z\u00e4hlen_mit_Steinen\" src=\"http:\/\/www.pro-a-kids.org\/wp-content\/uploads\/2008\/05\/Z\u00e4hlen_mit_Steinen-300x225.jpg\" alt=\"\" width=\"300\" height=\"225\" srcset=\"http:\/\/www.pro-a-kids.org\/wp-content\/uploads\/2008\/05\/Z\u00e4hlen_mit_Steinen-300x225.jpg 300w, http:\/\/www.pro-a-kids.org\/wp-content\/uploads\/2008\/05\/Z\u00e4hlen_mit_Steinen-140x105.jpg 140w, http:\/\/www.pro-a-kids.org\/wp-content\/uploads\/2008\/05\/Z\u00e4hlen_mit_Steinen.jpg 1024w\" sizes=\"auto, (max-width: 300px) 100vw, 300px\" \/><\/a>Allen Spendern nochmals herzlichen Dank, Ihre Zuwendungen kommen zu 100 % dort an, wo Sie dies auch erwarten, unsere Verwaltungskosten hier in Deutschland werden von den verantwortlichen Personen selbst getragen. Sollten Sie noch weitere Menschen kennen, die die Arbeit von pro-A-kids e.V. unterst\u00fctzen m\u00f6chten, w\u00fcrden wir uns \u00fcber entsprechende Kontakte sehr freuen.<\/p>\n<p>Die Gesamtausgaben unserer Ma\u00dfnahmen im E.C.D.C. betragen zur Zeit ca. 3.000 EUR pro Jahr, also ca. 100 EUR pro Kind f\u00fcr Mittagessen, medizinische Betreuung und Unterrichtsmaterial, davon sind momentan ein Drittel durch regelm\u00e4\u00dfige Spendenzusagen gedeckt.<\/p>\n<p>Langfristig w\u00e4re die Errichtung eines Grundschulgeb\u00e4udes auf dem gro\u00dfz\u00fcgigen Gel\u00e4nde sehr w\u00fcnschenswert, die Grundschule in Timau ist v\u00f6llig \u00fcberf\u00fcllt, das Mittagessen muss den Kindern schon am Morgen mitgegeben werden. Au\u00dferdem ist es vielen Eltern ein gro\u00dfes Anliegen, ihre j\u00fcngeren Kinder in der d\u00f6rflichen Umgebung aufgehoben zu wissen, anstatt dass sie nach Schulschluss zusammen mit den \u00e4lteren Kindern unbeaufsichtigt durch den Marktflecken Timau ziehen.<\/p>\n<p>Dieses Vorhaben muss nat\u00fcrlich mit den verantwortlichen Beh\u00f6rden gut vorbereitet werden, letztlich wird es aber eine Frage der Finanzierung werden und davon abh\u00e4ngen, ob sich genug Menschen f\u00fcr dieses Anliegen einsetzen.<\/p>\n","protected":false},"excerpt":{"rendered":"<p>Im\u00a0\u00a0Rahmen unseres ersten\u00a0Projektbesuches vom 16. bis 27. M\u00e4rz 2008 wurde mit der Elternschaft, der Lehrerin, unserem Projektbetreuer\u00a0und dem zust\u00e4ndigen Gemeindevorstand von Kongoni abgesprochen, welche kurz-, mittel- und langfristigen Projekte in Angriff genommen werden k\u00f6nnen. Als besonders dringend\u00a0nannte man uns\u00a0die Verbesserung der Gesundheitssituation, weshalb wir uns\u00a0mit unserem Engagement momentan\u00a0auf diesen Schwerpunkt konzentrieren. Dies steht eng im [&hellip;]<\/p>\n","protected":false},"author":2,"featured_media":0,"parent":0,"menu_order":50,"comment_status":"open","ping_status":"open","template":"","meta":{"ngg_post_thumbnail":0,"footnotes":""},"class_list":["post-134","page","type-page","status-publish","hentry"],"_links":{"self":[{"href":"http:\/\/www.pro-a-kids.org\/index.php?rest_route=\/wp\/v2\/pages\/134","targetHints":{"allow":["GET"]}}],"collection":[{"href":"http:\/\/www.pro-a-kids.org\/index.php?rest_route=\/wp\/v2\/pages"}],"about":[{"href":"http:\/\/www.pro-a-kids.org\/index.php?rest_route=\/wp\/v2\/types\/page"}],"author":[{"embeddable":true,"href":"http:\/\/www.pro-a-kids.org\/index.php?rest_route=\/wp\/v2\/users\/2"}],"replies":[{"embeddable":true,"href":"http:\/\/www.pro-a-kids.org\/index.php?rest_route=%2Fwp%2Fv2%2Fcomments&post=134"}],"version-history":[{"count":11,"href":"http:\/\/www.pro-a-kids.org\/index.php?rest_route=\/wp\/v2\/pages\/134\/revisions"}],"predecessor-version":[{"id":889,"href":"http:\/\/www.pro-a-kids.org\/index.php?rest_route=\/wp\/v2\/pages\/134\/revisions\/889"}],"wp:attachment":[{"href":"http:\/\/www.pro-a-kids.org\/index.php?rest_route=%2Fwp%2Fv2%2Fmedia&parent=134"}],"curies":[{"name":"wp","href":"https:\/\/api.w.org\/{rel}","templated":true}]}}